{"id":367,"date":"2020-01-17T15:28:09","date_gmt":"2020-01-17T15:28:09","guid":{"rendered":"https:\/\/demosites.io\/web-agency\/?page_id=32"},"modified":"2025-05-29T11:14:48","modified_gmt":"2025-05-29T09:14:48","slug":"galeria-profesional","status":"publish","type":"page","link":"https:\/\/jover.pro\/en\/galeria-profesional\/","title":{"rendered":"Galer\u00eda Profesional Josep Jover"},"content":{"rendered":"\t\t<div data-elementor-type=\"wp-page\" data-elementor-id=\"367\" class=\"elementor elementor-367\" data-elementor-post-type=\"page\">\n\t\t\t\t\t\t<section class=\"elementor-section elementor-top-section elementor-element elementor-element-95dfe33 elementor-section-boxed elementor-section-height-default elementor-section-height-default\" data-id=\"95dfe33\" data-element_type=\"section\" data-e-type=\"section\">\n\t\t\t\t\t\t<div class=\"elementor-container elementor-column-gap-default\">\n\t\t\t\t\t<div class=\"elementor-column elementor-col-50 elementor-top-column elementor-element elementor-element-a926e3d\" data-id=\"a926e3d\" data-element_type=\"column\" data-e-type=\"column\">\n\t\t\t<div class=\"elementor-widget-wrap elementor-element-populated\">\n\t\t\t\t\t\t<div class=\"elementor-element elementor-element-b052411 elementor-widget elementor-widget-heading\" data-id=\"b052411\" data-element_type=\"widget\" data-e-type=\"widget\" data-widget_type=\"heading.default\">\n\t\t\t\t<div class=\"elementor-widget-container\">\n\t\t\t\t\t<h1 class=\"elementor-heading-title elementor-size-default\">Galeria<\/h1>\t\t\t\t<\/div>\n\t\t\t\t<\/div>\n\t\t\t\t<div class=\"elementor-element elementor-element-583d6e5 elementor-widget elementor-widget-heading\" data-id=\"583d6e5\" data-element_type=\"widget\" data-e-type=\"widget\" data-widget_type=\"heading.default\">\n\t\t\t\t<div class=\"elementor-widget-container\">\n\t\t\t\t\t<h2 class=\"elementor-heading-title elementor-size-default\">Experiencia en im\u00e1genes<\/h2>\t\t\t\t<\/div>\n\t\t\t\t<\/div>\n\t\t\t\t<div class=\"elementor-element elementor-element-04d9af0 elementor-widget elementor-widget-text-editor\" data-id=\"04d9af0\" data-element_type=\"widget\" data-e-type=\"widget\" data-widget_type=\"text-editor.default\">\n\t\t\t\t<div class=\"elementor-widget-container\">\n\t\t\t\t\t\t\t\t\t<p>Explora aquest viatge visual i coneix el costat hum\u00e0 darrere de l&#8217;experi\u00e8ncia. Esta galer\u00eda recoge algunos de los momentos m\u00e1s significativos en la t<strong>rayectoria profesional<\/strong> de Jover. Desde sus primeros logros hasta eventos recientes, cada imagen representa una etapa clave que ha marcado su evoluci\u00f3n como profesional.\u00a0<\/p><p>Explora este viaje visual y conoce el lado humano detr\u00e1s de la experiencia.<\/p><p><\/p>\t\t\t\t\t\t\t\t<\/div>\n\t\t\t\t<\/div>\n\t\t\t\t\t<\/div>\n\t\t<\/div>\n\t\t\t\t<div class=\"elementor-column elementor-col-50 elementor-top-column elementor-element elementor-element-46c5b2b\" data-id=\"46c5b2b\" data-element_type=\"column\" data-e-type=\"column\">\n\t\t\t<div class=\"elementor-widget-wrap\">\n\t\t\t\t\t\t\t<\/div>\n\t\t<\/div>\n\t\t\t\t\t<\/div>\n\t\t<\/section>\n\t\t<div class=\"elementor-element elementor-element-45a3fea e-flex e-con-boxed e-con e-parent\" data-id=\"45a3fea\" data-element_type=\"container\" data-e-type=\"container\" data-settings=\"{&quot;background_background&quot;:&quot;classic&quot;}\">\n\t\t\t\t\t<div class=\"e-con-inner\">\n\t\t\t\t<div class=\"elementor-element elementor-element-8e4bc49 elementor-widget elementor-widget-gallery\" data-id=\"8e4bc49\" data-element_type=\"widget\" data-e-type=\"widget\" data-settings=\"{&quot;aspect_ratio&quot;:&quot;4:3&quot;,&quot;lazyload&quot;:&quot;yes&quot;,&quot;gallery_layout&quot;:&quot;grid&quot;,&quot;columns&quot;:4,&quot;columns_tablet&quot;:2,&quot;columns_mobile&quot;:1,&quot;gap&quot;:{&quot;unit&quot;:&quot;px&quot;,&quot;size&quot;:10,&quot;sizes&quot;:[]},&quot;gap_tablet&quot;:{&quot;unit&quot;:&quot;px&quot;,&quot;size&quot;:10,&quot;sizes&quot;:[]},&quot;gap_mobile&quot;:{&quot;unit&quot;:&quot;px&quot;,&quot;size&quot;:10,&quot;sizes&quot;:[]},&quot;link_to&quot;:&quot;file&quot;,&quot;overlay_background&quot;:&quot;yes&quot;,&quot;content_hover_animation&quot;:&quot;fade-in&quot;}\" data-widget_type=\"gallery.default\">\n\t\t\t\t<div class=\"elementor-widget-container\">\n\t\t\t\t\t\t\t<div class=\"elementor-gallery__container\">\n\t\t\t\t\t\t\t<a class=\"e-gallery-item elementor-gallery-item elementor-animated-content\" href=\"https:\/\/i0.wp.com\/jover.pro\/wp-content\/uploads\/sites\/5\/2025\/05\/photo1656675956.jpeg?fit=1280%2C960&#038;ssl=1\" data-elementor-open-lightbox=\"yes\" data-elementor-lightbox-slideshow=\"8e4bc49\" data-elementor-lightbox-title=\"photo1656675956\" data-e-action-hash=\"#elementor-action%3Aaction%3Dlightbox%26settings%3DeyJpZCI6MTMyMywidXJsIjoiaHR0cHM6XC9cL2pvdmVyLnByb1wvd3AtY29udGVudFwvdXBsb2Fkc1wvc2l0ZXNcLzVcLzIwMjVcLzA1XC9waG90bzE2NTY2NzU5NTYuanBlZyIsInNsaWRlc2hvdyI6IjhlNGJjNDkifQ%3D%3D\">\n\t\t\t\t\t<div class=\"e-gallery-image elementor-gallery-item__image\" data-thumbnail=\"https:\/\/i0.wp.com\/jover.pro\/wp-content\/uploads\/sites\/5\/2025\/05\/photo1656675956.jpeg?fit=300%2C225&amp;ssl=1\" data-width=\"300\" data-height=\"225\" aria-label=\"ASPERTIC\" role=\"img\" ><\/div>\n\t\t\t\t\t\t\t\t\t\t\t<div class=\"elementor-gallery-item__overlay\"><\/div>\n\t\t\t\t\t\t\t\t\t\t\t\t\t\t<\/a>\n\t\t\t\t\t\t\t<a class=\"e-gallery-item elementor-gallery-item elementor-animated-content\" href=\"https:\/\/i0.wp.com\/jover.pro\/wp-content\/uploads\/sites\/5\/2025\/05\/Murcia1.jpg?fit=2000%2C1500&#038;ssl=1\" data-elementor-open-lightbox=\"yes\" data-elementor-lightbox-slideshow=\"8e4bc49\" data-elementor-lightbox-title=\"Murcia1\" data-e-action-hash=\"#elementor-action%3Aaction%3Dlightbox%26settings%3DeyJpZCI6MTMyMiwidXJsIjoiaHR0cHM6XC9cL2pvdmVyLnByb1wvd3AtY29udGVudFwvdXBsb2Fkc1wvc2l0ZXNcLzVcLzIwMjVcLzA1XC9NdXJjaWExLmpwZyIsInNsaWRlc2hvdyI6IjhlNGJjNDkifQ%3D%3D\">\n\t\t\t\t\t<div class=\"e-gallery-image elementor-gallery-item__image\" data-thumbnail=\"https:\/\/i0.wp.com\/jover.pro\/wp-content\/uploads\/sites\/5\/2025\/05\/Murcia1.jpg?fit=300%2C225&amp;ssl=1\" data-width=\"300\" data-height=\"225\" aria-label=\"\" role=\"img\" ><\/div>\n\t\t\t\t\t\t\t\t\t\t\t<div class=\"elementor-gallery-item__overlay\"><\/div>\n\t\t\t\t\t\t\t\t\t\t\t\t\t\t<\/a>\n\t\t\t\t\t\t\t<a class=\"e-gallery-item elementor-gallery-item elementor-animated-content\" href=\"https:\/\/i0.wp.com\/jover.pro\/wp-content\/uploads\/sites\/5\/2025\/05\/inrdice.jpeg?fit=1600%2C1200&#038;ssl=1\" data-elementor-open-lightbox=\"yes\" data-elementor-lightbox-slideshow=\"8e4bc49\" data-elementor-lightbox-title=\"\u00ednrdice\" data-e-action-hash=\"#elementor-action%3Aaction%3Dlightbox%26settings%3DeyJpZCI6MTMyMSwidXJsIjoiaHR0cHM6XC9cL2pvdmVyLnByb1wvd3AtY29udGVudFwvdXBsb2Fkc1wvc2l0ZXNcLzVcLzIwMjVcLzA1XC9pbnJkaWNlLmpwZWciLCJzbGlkZXNob3ciOiI4ZTRiYzQ5In0%3D\">\n\t\t\t\t\t<div class=\"e-gallery-image elementor-gallery-item__image\" data-thumbnail=\"https:\/\/i0.wp.com\/jover.pro\/wp-content\/uploads\/sites\/5\/2025\/05\/inrdice.jpeg?fit=300%2C225&amp;ssl=1\" data-width=\"300\" data-height=\"225\" aria-label=\"\" role=\"img\" ><\/div>\n\t\t\t\t\t\t\t\t\t\t\t<div class=\"elementor-gallery-item__overlay\"><\/div>\n\t\t\t\t\t\t\t\t\t\t\t\t\t\t<\/a>\n\t\t\t\t\t\t\t<a class=\"e-gallery-item elementor-gallery-item elementor-animated-content\" href=\"https:\/\/i0.wp.com\/jover.pro\/wp-content\/uploads\/sites\/5\/2025\/05\/indice-2-e1748426498488.jpg?fit=400%2C520&#038;ssl=1\" data-elementor-open-lightbox=\"yes\" data-elementor-lightbox-slideshow=\"8e4bc49\" data-elementor-lightbox-title=\"\u00edndice (2)\" data-e-action-hash=\"#elementor-action%3Aaction%3Dlightbox%26settings%3DeyJpZCI6MTMyMCwidXJsIjoiaHR0cHM6XC9cL2pvdmVyLnByb1wvd3AtY29udGVudFwvdXBsb2Fkc1wvc2l0ZXNcLzVcLzIwMjVcLzA1XC9pbmRpY2UtMi1lMTc0ODQyNjQ5ODQ4OC5qcGciLCJzbGlkZXNob3ciOiI4ZTRiYzQ5In0%3D\">\n\t\t\t\t\t<div class=\"e-gallery-image elementor-gallery-item__image\" data-thumbnail=\"https:\/\/i0.wp.com\/jover.pro\/wp-content\/uploads\/sites\/5\/2025\/05\/indice-2-e1748426498488.jpg?fit=231%2C300&amp;ssl=1\" data-width=\"231\" data-height=\"300\" aria-label=\"capa8 aspertic josep sover\" role=\"img\" ><\/div>\n\t\t\t\t\t\t\t\t\t\t\t<div class=\"elementor-gallery-item__overlay\"><\/div>\n\t\t\t\t\t\t\t\t\t\t\t\t\t\t<\/a>\n\t\t\t\t\t\t\t<a class=\"e-gallery-item elementor-gallery-item elementor-animated-content\" href=\"https:\/\/i0.wp.com\/jover.pro\/wp-content\/uploads\/sites\/5\/2025\/05\/foto-pep-chimpanzes.png?fit=401%2C399&#038;ssl=1\" data-elementor-open-lightbox=\"yes\" data-elementor-lightbox-slideshow=\"8e4bc49\" data-elementor-lightbox-title=\"foto pep chimpanzes\" data-e-action-hash=\"#elementor-action%3Aaction%3Dlightbox%26settings%3DeyJpZCI6MTMxOSwidXJsIjoiaHR0cHM6XC9cL2pvdmVyLnByb1wvd3AtY29udGVudFwvdXBsb2Fkc1wvc2l0ZXNcLzVcLzIwMjVcLzA1XC9mb3RvLXBlcC1jaGltcGFuemVzLnBuZyIsInNsaWRlc2hvdyI6IjhlNGJjNDkifQ%3D%3D\">\n\t\t\t\t\t<div class=\"e-gallery-image elementor-gallery-item__image\" data-thumbnail=\"https:\/\/i0.wp.com\/jover.pro\/wp-content\/uploads\/sites\/5\/2025\/05\/foto-pep-chimpanzes.png?fit=300%2C300&amp;ssl=1\" data-width=\"300\" data-height=\"300\" aria-label=\"\" role=\"img\" ><\/div>\n\t\t\t\t\t\t\t\t\t\t\t<div class=\"elementor-gallery-item__overlay\"><\/div>\n\t\t\t\t\t\t\t\t\t\t\t\t\t\t<\/a>\n\t\t\t\t\t\t\t<a class=\"e-gallery-item elementor-gallery-item elementor-animated-content\" href=\"https:\/\/i0.wp.com\/jover.pro\/wp-content\/uploads\/sites\/5\/2025\/05\/jornadas.jpg?fit=1280%2C640&#038;ssl=1\" data-elementor-open-lightbox=\"yes\" data-elementor-lightbox-slideshow=\"8e4bc49\" data-elementor-lightbox-title=\"jornadas\" data-e-action-hash=\"#elementor-action%3Aaction%3Dlightbox%26settings%3DeyJpZCI6MTMxNCwidXJsIjoiaHR0cHM6XC9cL2pvdmVyLnByb1wvd3AtY29udGVudFwvdXBsb2Fkc1wvc2l0ZXNcLzVcLzIwMjVcLzA1XC9qb3JuYWRhcy5qcGciLCJzbGlkZXNob3ciOiI4ZTRiYzQ5In0%3D\">\n\t\t\t\t\t<div class=\"e-gallery-image elementor-gallery-item__image\" data-thumbnail=\"https:\/\/i0.wp.com\/jover.pro\/wp-content\/uploads\/sites\/5\/2025\/05\/jornadas.jpg?fit=300%2C150&amp;ssl=1\" data-width=\"300\" data-height=\"150\" aria-label=\"\" role=\"img\" ><\/div>\n\t\t\t\t\t\t\t\t\t\t\t<div class=\"elementor-gallery-item__overlay\"><\/div>\n\t\t\t\t\t\t\t\t\t\t\t\t\t\t<\/a>\n\t\t\t\t\t\t\t<a class=\"e-gallery-item elementor-gallery-item elementor-animated-content\" href=\"https:\/\/i0.wp.com\/jover.pro\/wp-content\/uploads\/sites\/5\/2025\/05\/aspertic-buzon-denuncias.jpg?fit=1280%2C960&#038;ssl=1\" data-elementor-open-lightbox=\"yes\" data-elementor-lightbox-slideshow=\"8e4bc49\" data-elementor-lightbox-title=\"aspertic buzon denuncias\" data-e-action-hash=\"#elementor-action%3Aaction%3Dlightbox%26settings%3DeyJpZCI6MTMwOSwidXJsIjoiaHR0cHM6XC9cL2pvdmVyLnByb1wvd3AtY29udGVudFwvdXBsb2Fkc1wvc2l0ZXNcLzVcLzIwMjVcLzA1XC9hc3BlcnRpYy1idXpvbi1kZW51bmNpYXMuanBnIiwic2xpZGVzaG93IjoiOGU0YmM0OSJ9\">\n\t\t\t\t\t<div class=\"e-gallery-image elementor-gallery-item__image\" data-thumbnail=\"https:\/\/i0.wp.com\/jover.pro\/wp-content\/uploads\/sites\/5\/2025\/05\/aspertic-buzon-denuncias.jpg?fit=300%2C225&amp;ssl=1\" data-width=\"300\" data-height=\"225\" aria-label=\"\" role=\"img\" ><\/div>\n\t\t\t\t\t\t\t\t\t\t\t<div class=\"elementor-gallery-item__overlay\"><\/div>\n\t\t\t\t\t\t\t\t\t\t\t\t\t\t<\/a>\n\t\t\t\t\t\t\t<a class=\"e-gallery-item elementor-gallery-item elementor-animated-content\" href=\"https:\/\/i0.wp.com\/jover.pro\/wp-content\/uploads\/sites\/5\/2025\/05\/colegio-nacional-abogacia.jpg?fit=600%2C600&#038;ssl=1\" data-elementor-open-lightbox=\"yes\" data-elementor-lightbox-slideshow=\"8e4bc49\" data-elementor-lightbox-title=\"colegio nacional abogacia\" data-e-action-hash=\"#elementor-action%3Aaction%3Dlightbox%26settings%3DeyJpZCI6MTMxMCwidXJsIjoiaHR0cHM6XC9cL2pvdmVyLnByb1wvd3AtY29udGVudFwvdXBsb2Fkc1wvc2l0ZXNcLzVcLzIwMjVcLzA1XC9jb2xlZ2lvLW5hY2lvbmFsLWFib2dhY2lhLmpwZyIsInNsaWRlc2hvdyI6IjhlNGJjNDkifQ%3D%3D\">\n\t\t\t\t\t<div class=\"e-gallery-image elementor-gallery-item__image\" data-thumbnail=\"https:\/\/i0.wp.com\/jover.pro\/wp-content\/uploads\/sites\/5\/2025\/05\/colegio-nacional-abogacia.jpg?fit=300%2C300&amp;ssl=1\" data-width=\"300\" data-height=\"300\" aria-label=\"\" role=\"img\" ><\/div>\n\t\t\t\t\t\t\t\t\t\t\t<div class=\"elementor-gallery-item__overlay\"><\/div>\n\t\t\t\t\t\t\t\t\t\t\t\t\t\t<\/a>\n\t\t\t\t\t\t\t<a class=\"e-gallery-item elementor-gallery-item elementor-animated-content\" href=\"https:\/\/i0.wp.com\/jover.pro\/wp-content\/uploads\/sites\/5\/2025\/05\/Conferencia-colegi-advocats-catalunya.jpg?fit=1280%2C960&#038;ssl=1\" data-elementor-open-lightbox=\"yes\" data-elementor-lightbox-slideshow=\"8e4bc49\" data-elementor-lightbox-title=\"Conferencia colegi advocats catalunya\" data-e-action-hash=\"#elementor-action%3Aaction%3Dlightbox%26settings%3DeyJpZCI6MTMxMSwidXJsIjoiaHR0cHM6XC9cL2pvdmVyLnByb1wvd3AtY29udGVudFwvdXBsb2Fkc1wvc2l0ZXNcLzVcLzIwMjVcLzA1XC9Db25mZXJlbmNpYS1jb2xlZ2ktYWR2b2NhdHMtY2F0YWx1bnlhLmpwZyIsInNsaWRlc2hvdyI6IjhlNGJjNDkifQ%3D%3D\">\n\t\t\t\t\t<div class=\"e-gallery-image elementor-gallery-item__image\" data-thumbnail=\"https:\/\/i0.wp.com\/jover.pro\/wp-content\/uploads\/sites\/5\/2025\/05\/Conferencia-colegi-advocats-catalunya.jpg?fit=300%2C225&amp;ssl=1\" data-width=\"300\" data-height=\"225\" aria-label=\"\" role=\"img\" ><\/div>\n\t\t\t\t\t\t\t\t\t\t\t<div class=\"elementor-gallery-item__overlay\"><\/div>\n\t\t\t\t\t\t\t\t\t\t\t\t\t\t<\/a>\n\t\t\t\t\t\t\t<a class=\"e-gallery-item elementor-gallery-item elementor-animated-content\" href=\"https:\/\/i0.wp.com\/jover.pro\/wp-content\/uploads\/sites\/5\/2025\/05\/jornadas-copyme.jpg?fit=1239%2C1280&#038;ssl=1\" data-elementor-open-lightbox=\"yes\" data-elementor-lightbox-slideshow=\"8e4bc49\" data-elementor-lightbox-title=\"jornadas copyme\" data-e-action-hash=\"#elementor-action%3Aaction%3Dlightbox%26settings%3DeyJpZCI6MTMxMiwidXJsIjoiaHR0cHM6XC9cL2pvdmVyLnByb1wvd3AtY29udGVudFwvdXBsb2Fkc1wvc2l0ZXNcLzVcLzIwMjVcLzA1XC9qb3JuYWRhcy1jb3B5bWUuanBnIiwic2xpZGVzaG93IjoiOGU0YmM0OSJ9\">\n\t\t\t\t\t<div class=\"e-gallery-image elementor-gallery-item__image\" data-thumbnail=\"https:\/\/i0.wp.com\/jover.pro\/wp-content\/uploads\/sites\/5\/2025\/05\/jornadas-copyme.jpg?fit=290%2C300&amp;ssl=1\" data-width=\"290\" data-height=\"300\" aria-label=\"\" role=\"img\" ><\/div>\n\t\t\t\t\t\t\t\t\t\t\t<div class=\"elementor-gallery-item__overlay\"><\/div>\n\t\t\t\t\t\t\t\t\t\t\t\t\t\t<\/a>\n\t\t\t\t\t\t\t<a class=\"e-gallery-item elementor-gallery-item elementor-animated-content\" href=\"https:\/\/i0.wp.com\/jover.pro\/wp-content\/uploads\/sites\/5\/2025\/05\/preguntar.jpg?fit=1280%2C949&#038;ssl=1\" data-elementor-open-lightbox=\"yes\" data-elementor-lightbox-slideshow=\"8e4bc49\" data-elementor-lightbox-title=\"preguntar\" data-e-action-hash=\"#elementor-action%3Aaction%3Dlightbox%26settings%3DeyJpZCI6MTMxMywidXJsIjoiaHR0cHM6XC9cL2pvdmVyLnByb1wvd3AtY29udGVudFwvdXBsb2Fkc1wvc2l0ZXNcLzVcLzIwMjVcLzA1XC9wcmVndW50YXIuanBnIiwic2xpZGVzaG93IjoiOGU0YmM0OSJ9\">\n\t\t\t\t\t<div class=\"e-gallery-image elementor-gallery-item__image\" data-thumbnail=\"https:\/\/i0.wp.com\/jover.pro\/wp-content\/uploads\/sites\/5\/2025\/05\/preguntar.jpg?fit=300%2C222&amp;ssl=1\" data-width=\"300\" data-height=\"222\" aria-label=\"\" role=\"img\" ><\/div>\n\t\t\t\t\t\t\t\t\t\t\t<div class=\"elementor-gallery-item__overlay\"><\/div>\n\t\t\t\t\t\t\t\t\t\t\t\t\t\t<\/a>\n\t\t\t\t\t\t\t<a class=\"e-gallery-item elementor-gallery-item elementor-animated-content\" href=\"https:\/\/i0.wp.com\/jover.pro\/wp-content\/uploads\/sites\/5\/2025\/05\/jover_bruselas.jpg?fit=1280%2C640&#038;ssl=1\" data-elementor-open-lightbox=\"yes\" data-elementor-lightbox-slideshow=\"8e4bc49\" data-elementor-lightbox-title=\"jover_bruselas\" data-e-action-hash=\"#elementor-action%3Aaction%3Dlightbox%26settings%3DeyJpZCI6MTMwNiwidXJsIjoiaHR0cHM6XC9cL2pvdmVyLnByb1wvd3AtY29udGVudFwvdXBsb2Fkc1wvc2l0ZXNcLzVcLzIwMjVcLzA1XC9qb3Zlcl9icnVzZWxhcy5qcGciLCJzbGlkZXNob3ciOiI4ZTRiYzQ5In0%3D\">\n\t\t\t\t\t<div class=\"e-gallery-image elementor-gallery-item__image\" data-thumbnail=\"https:\/\/i0.wp.com\/jover.pro\/wp-content\/uploads\/sites\/5\/2025\/05\/jover_bruselas.jpg?fit=300%2C150&amp;ssl=1\" data-width=\"300\" data-height=\"150\" aria-label=\"\" role=\"img\" ><\/div>\n\t\t\t\t\t\t\t\t\t\t\t<div class=\"elementor-gallery-item__overlay\"><\/div>\n\t\t\t\t\t\t\t\t\t\t\t\t\t\t<\/a>\n\t\t\t\t\t\t\t<a class=\"e-gallery-item elementor-gallery-item elementor-animated-content\" href=\"https:\/\/i0.wp.com\/jover.pro\/wp-content\/uploads\/sites\/5\/2025\/05\/reunion.jpg?fit=1280%2C640&#038;ssl=1\" data-elementor-open-lightbox=\"yes\" data-elementor-lightbox-slideshow=\"8e4bc49\" data-elementor-lightbox-title=\"reuni\u00f3n\" data-e-action-hash=\"#elementor-action%3Aaction%3Dlightbox%26settings%3DeyJpZCI6MTMwNywidXJsIjoiaHR0cHM6XC9cL2pvdmVyLnByb1wvd3AtY29udGVudFwvdXBsb2Fkc1wvc2l0ZXNcLzVcLzIwMjVcLzA1XC9yZXVuaW9uLmpwZyIsInNsaWRlc2hvdyI6IjhlNGJjNDkifQ%3D%3D\">\n\t\t\t\t\t<div class=\"e-gallery-image elementor-gallery-item__image\" data-thumbnail=\"https:\/\/i0.wp.com\/jover.pro\/wp-content\/uploads\/sites\/5\/2025\/05\/reunion.jpg?fit=300%2C150&amp;ssl=1\" data-width=\"300\" data-height=\"150\" aria-label=\"\" role=\"img\" ><\/div>\n\t\t\t\t\t\t\t\t\t\t\t<div class=\"elementor-gallery-item__overlay\"><\/div>\n\t\t\t\t\t\t\t\t\t\t\t\t\t\t<\/a>\n\t\t\t\t\t\t\t<a class=\"e-gallery-item elementor-gallery-item elementor-animated-content\" href=\"https:\/\/i0.wp.com\/jover.pro\/wp-content\/uploads\/sites\/5\/2025\/05\/josep_puigdemont.jpg?fit=1280%2C640&#038;ssl=1\" data-elementor-open-lightbox=\"yes\" data-elementor-lightbox-slideshow=\"8e4bc49\" data-elementor-lightbox-title=\"josep_puigdemont\" data-e-action-hash=\"#elementor-action%3Aaction%3Dlightbox%26settings%3DeyJpZCI6MTMwOCwidXJsIjoiaHR0cHM6XC9cL2pvdmVyLnByb1wvd3AtY29udGVudFwvdXBsb2Fkc1wvc2l0ZXNcLzVcLzIwMjVcLzA1XC9qb3NlcF9wdWlnZGVtb250LmpwZyIsInNsaWRlc2hvdyI6IjhlNGJjNDkifQ%3D%3D\">\n\t\t\t\t\t<div class=\"e-gallery-image elementor-gallery-item__image\" data-thumbnail=\"https:\/\/i0.wp.com\/jover.pro\/wp-content\/uploads\/sites\/5\/2025\/05\/josep_puigdemont.jpg?fit=300%2C150&amp;ssl=1\" data-width=\"300\" data-height=\"150\" aria-label=\"\" role=\"img\" ><\/div>\n\t\t\t\t\t\t\t\t\t\t\t<div class=\"elementor-gallery-item__overlay\"><\/div>\n\t\t\t\t\t\t\t\t\t\t\t\t\t\t<\/a>\n\t\t\t\t\t<\/div>\n\t\t\t\t\t<\/div>\n\t\t\t\t<\/div>\n\t\t\t\t\t<\/div>\n\t\t\t\t<\/div>\n\t\t\t\t<\/div>\n\t\t","protected":false},"excerpt":{"rendered":"<p>Galeria My Experience through images This gallery showcases some of the most significant moments in Jover&#8217;s professional journey. From his early achievements to recent events, each image represents a key stage that has shaped his evolution as a professional. Explore this visual journey and discover the human side behind the experience.<\/p>\n","protected":false},"author":1,"featured_media":0,"parent":0,"menu_order":0,"comment_status":"closed","ping_status":"closed","template":"elementor_header_footer","meta":{"neve_meta_sidebar":"full-width","neve_meta_container":"","neve_meta_enable_content_width":"on","neve_meta_content_width":100,"neve_meta_title_alignment":"","neve_meta_author_avatar":"","neve_post_elements_order":"","neve_meta_disable_header":"","neve_meta_disable_footer":"","neve_meta_disable_title":"","jetpack_post_was_ever_published":false,"footnotes":""},"class_list":["post-367","page","type-page","status-publish","hentry"],"jetpack_sharing_enabled":true,"jetpack_shortlink":"https:\/\/wp.me\/P7oWuo-5V","jetpack-related-posts":[{"id":363,"url":"https:\/\/jover.pro\/en\/","url_meta":{"origin":367,"position":0},"title":"Home","author":"capa8","date":"Monday January 13th, 2020","format":false,"excerpt":"Jover & Daughters Lawyer specialized in European Union law.\"The strictness of the law is tempered by its prudent noncompliance.\" more info Contact Professional Legal Services Legal advice with extensive experience in civil, commercial, administrative, and European Union law. Strategic and personalized legal solutions. Experts in European Union Law We defend\u2026","rel":"","context":"Similar post","block_context":{"text":"Similar post","link":""},"img":{"alt_text":"trayectoria profesional josep jover","src":"https:\/\/i0.wp.com\/jover.pro\/wp-content\/uploads\/sites\/5\/2021\/04\/foto-pep.jpg?resize=350%2C200&ssl=1","width":350,"height":200,"srcset":"https:\/\/i0.wp.com\/jover.pro\/wp-content\/uploads\/sites\/5\/2021\/04\/foto-pep.jpg?resize=350%2C200&ssl=1 1x, https:\/\/i0.wp.com\/jover.pro\/wp-content\/uploads\/sites\/5\/2021\/04\/foto-pep.jpg?resize=525%2C300&ssl=1 1.5x"},"classes":[]},{"id":365,"url":"https:\/\/jover.pro\/en\/trayectoria_profesional\/","url_meta":{"origin":367,"position":1},"title":"Professional career","author":"capa8","date":"Friday January 17th, 2020","format":false,"excerpt":"Professional career \u201cMay you live in interesting times,\u201d says an old Chinese curse. Life\u2019s ironies make it clear that the curse actually means: may you be swept up in the whirlwind of events of your time and not have a single moment of peace.And it's true \u2014 I have lived,\u2026","rel":"","context":"Similar post","block_context":{"text":"Similar post","link":""},"img":{"alt_text":"trayectoria profesional josep jover","src":"https:\/\/i0.wp.com\/jover.pro\/wp-content\/uploads\/sites\/5\/2021\/04\/foto-pep.jpg?resize=350%2C200&ssl=1","width":350,"height":200,"srcset":"https:\/\/i0.wp.com\/jover.pro\/wp-content\/uploads\/sites\/5\/2021\/04\/foto-pep.jpg?resize=350%2C200&ssl=1 1x, https:\/\/i0.wp.com\/jover.pro\/wp-content\/uploads\/sites\/5\/2021\/04\/foto-pep.jpg?resize=525%2C300&ssl=1 1.5x"},"classes":[]},{"id":165,"url":"https:\/\/jover.pro\/en\/politica-general-de-proteccio-de-dades-privacitat-i-internet\/","url_meta":{"origin":367,"position":2},"title":"(Catal\u00e0) Politica general de protecci\u00f3 de dades, privacitat i Internet","author":"jjover","date":"Saturday June  4th, 2016","format":false,"excerpt":"Sorry, this entry is only available in Catal\u00e0 and Espa\u00f1ol.","rel":"","context":"Similar post","block_context":{"text":"Similar post","link":""},"img":{"alt_text":"","src":"","width":0,"height":0},"classes":[]},{"id":366,"url":"https:\/\/jover.pro\/en\/contact-us\/","url_meta":{"origin":367,"position":3},"title":"Contact","author":"capa8","date":"Friday January 17th, 2020","format":false,"excerpt":"Contact us Need legal advice? We\u2019re here to help. Get in touch with our firm to schedule a consultation or ask any questions.You can call us, send an email, or use the contact form. We\u2019ll get back to you as soon as possible. Facebook Linkedin Call us 93 160 01\u2026","rel":"","context":"Similar post","block_context":{"text":"Similar post","link":""},"img":{"alt_text":"","src":"","width":0,"height":0},"classes":[]},{"id":515,"url":"https:\/\/jover.pro\/en\/sobrejosepjover\/","url_meta":{"origin":367,"position":4},"title":"About us","author":"capa8","date":"Monday April  5th, 2021","format":false,"excerpt":"Josep Jover i Padr\u00f3 Lawyer specialized in European Union Law, information technology, human rights, and cybersecurity. \u00a0Expert in training, legal audits, and lobbying strategies at the European level. He has made significant contributions to data protection, citizens' rights, and international judicial procedures. Skilled in designing strategies for complex environments and\u2026","rel":"","context":"Similar post","block_context":{"text":"Similar post","link":""},"img":{"alt_text":"Sobre Josep Jover","src":"https:\/\/i0.wp.com\/jover.pro\/wp-content\/uploads\/sites\/5\/2016\/04\/CDgQHSlWYAAGkZh-2.jpg?resize=350%2C200&ssl=1","width":350,"height":200},"classes":[]},{"id":115,"url":"https:\/\/jover.pro\/en\/documentacio\/","url_meta":{"origin":367,"position":5},"title":"(Catal\u00e0) Documentaci\u00f3","author":"capa8","date":"Monday April  4th, 2016","format":false,"excerpt":"Sorry, this entry is only available in Catal\u00e0 and Espa\u00f1ol.","rel":"","context":"Similar post","block_context":{"text":"Similar post","link":""},"img":{"alt_text":"","src":"","width":0,"height":0},"classes":[]}],"_links":{"self":[{"href":"https:\/\/jover.pro\/en\/wp-json\/wp\/v2\/pages\/367","targetHints":{"allow":["GET"]}}],"collection":[{"href":"https:\/\/jover.pro\/en\/wp-json\/wp\/v2\/pages"}],"about":[{"href":"https:\/\/jover.pro\/en\/wp-json\/wp\/v2\/types\/page"}],"author":[{"embeddable":true,"href":"https:\/\/jover.pro\/en\/wp-json\/wp\/v2\/users\/1"}],"replies":[{"embeddable":true,"href":"https:\/\/jover.pro\/en\/wp-json\/wp\/v2\/comments?post=367"}],"version-history":[{"count":48,"href":"https:\/\/jover.pro\/en\/wp-json\/wp\/v2\/pages\/367\/revisions"}],"predecessor-version":[{"id":1384,"href":"https:\/\/jover.pro\/en\/wp-json\/wp\/v2\/pages\/367\/revisions\/1384"}],"wp:attachment":[{"href":"https:\/\/jover.pro\/en\/wp-json\/wp\/v2\/media?parent=367"}],"curies":[{"name":"wp","href":"https:\/\/api.w.org\/{rel}","templated":true}]}}